{"id":45,"date":"2026-04-07T18:45:56","date_gmt":"2026-04-07T18:45:56","guid":{"rendered":"https:\/\/ranchojimenez.com\/services\/"},"modified":"2026-04-24T18:31:48","modified_gmt":"2026-04-24T18:31:48","slug":"services","status":"publish","type":"page","link":"https:\/\/ranchojimenez.com\/es\/services\/","title":{"rendered":"Servicios"},"content":{"rendered":"<div data-elementor-type=\"wp-page\" data-elementor-id=\"45\" class=\"elementor elementor-45\" data-elementor-post-type=\"page\">\n\t\t\t\t<div class=\"elementor-element elementor-element-1f0ee332 e-flex e-con-boxed e-con e-parent\" data-id=\"1f0ee332\" data-element_type=\"container\" data-e-type=\"container\">\n\t\t\t\t\t<div class=\"e-con-inner\">\n\t\t<div class=\"elementor-element elementor-element-1fe7a5 e-con-full e-flex e-con e-child\" data-id=\"1fe7a5\" data-element_type=\"container\" data-e-type=\"container\">\n\t\t\t\t<div class=\"elementor-element elementor-element-328e942f elementor-cta--skin-classic elementor-animated-content elementor-bg-transform elementor-bg-transform-zoom-in elementor-widget elementor-widget-call-to-action\" data-id=\"328e942f\" data-element_type=\"widget\" data-e-type=\"widget\" data-widget_type=\"call-to-action.default\">\n\t\t\t\t\t\t\t<div class=\"elementor-cta\">\n\t\t\t\t\t<div class=\"elementor-cta__bg-wrapper\">\n\t\t\t\t<div class=\"elementor-cta__bg elementor-bg\" style=\"background-image: url(https:\/\/ranchojimenez.com\/wp-content\/uploads\/2026\/04\/IMG_8953-scaled.jpeg);\" role=\"img\" aria-label=\"IMG_8953\"><\/div>\n\t\t\t\t<div class=\"elementor-cta__bg-overlay\"><\/div>\n\t\t\t<\/div>\n\t\t\t\t\t\t\t\t<\/div>\n\t\t\t\t\t\t<\/div>\n\t\t\t\t<\/div>\n\t\t<div class=\"elementor-element elementor-element-69dae134 e-con-full e-flex e-con e-child\" data-id=\"69dae134\" data-element_type=\"container\" data-e-type=\"container\">\n\t\t\t\t<div class=\"elementor-element elementor-element-53bf4011 elementor-widget elementor-widget-heading\" data-id=\"53bf4011\" data-element_type=\"widget\" data-e-type=\"widget\" data-widget_type=\"heading.default\">\n\t\t\t\t\t<h1 class=\"elementor-heading-title elementor-size-default\">\u00bfPor qu\u00e9 elegirnos?<\/h1>\t\t\t\t<\/div>\n\t\t\t\t<div class=\"elementor-element elementor-element-30528f09 elementor-widget elementor-widget-text-editor\" data-id=\"30528f09\" data-element_type=\"widget\" data-e-type=\"widget\" data-widget_type=\"text-editor.default\">\n\t\t\t\t\t\t\t\t\t<p>Mientras buscas \u201clugares econ\u00f3micos para bodas cerca de m\u00ed\u201d o el mejor organizador de eventos corporativos en la ciudad, encontrar\u00e1s a Rancho Jim\u00e9nez entre las primeras opciones. Y aqu\u00ed te mostramos por qu\u00e9 deber\u00edas confiar en nosotros para tus eventos.<\/p><ul><li>Gran atractivo visual<\/li><li>Ambiente vibrante<\/li><li>Amplia variedad de amenidades<\/li><li>Opciones m\u00e1s accesibles<\/li><li>Menor margen de error<\/li><li>Ubicaci\u00f3n conveniente (a una salida de la autopista 14 Norte)<\/li><\/ul>\t\t\t\t\t\t\t\t<\/div>\n\t\t\t\t<\/div>\n\t\t\t\t\t<\/div>\n\t\t\t\t<\/div>\n\t\t<div class=\"elementor-element elementor-element-18ef5744 e-flex e-con-boxed e-con e-parent\" data-id=\"18ef5744\" data-element_type=\"container\" data-e-type=\"container\">\n\t\t\t\t\t<div class=\"e-con-inner\">\n\t\t\t\t<div class=\"elementor-element elementor-element-3f28446a elementor-widget__width-initial elementor-widget-mobile__width-inherit elementor-widget elementor-widget-icon-box\" data-id=\"3f28446a\" data-element_type=\"widget\" data-e-type=\"widget\" data-widget_type=\"icon-box.default\">\n\t\t\t\t\t\t\t<div class=\"elementor-icon-box-wrapper\">\n\n\t\t\t\n\t\t\t\t\t\t<div class=\"elementor-icon-box-content\">\n\n\t\t\t\t\t\t\t\t\t<h4 class=\"elementor-icon-box-title\">\n\t\t\t\t\t\t<span  >\n\t\t\t\t\t\t\tEquipo para renta de eventos\t\t\t\t\t\t<\/span>\n\t\t\t\t\t<\/h4>\n\t\t\t\t\n\t\t\t\t\t\t\t\t\t<p class=\"elementor-icon-box-description\">\n\t\t\t\t\t\tAl organizar tus eventos para garantizar que sean entretenidos y c\u00f3modos para todos, el mobiliario y el equipo juegan un papel fundamental. Desde mesas y sillas hasta lonas para alimentos y todo lo necesario para un montaje bien organizado, nos encargamos de colocarlo de manera ordenada y atractiva para ti.\n<br><br>\n\nPuedes relajarte sabiendo que no necesitas comprar equipo nuevo ni gastar grandes cantidades en su adquisici\u00f3n y transporte. Una vez que el evento termina, tampoco tendr\u00e1s que preocuparte por espacio adicional para almacenar el equipo.\t\t\t\t\t<\/p>\n\t\t\t\t\n\t\t\t<\/div>\n\t\t\t\n\t\t<\/div>\n\t\t\t\t\t\t<\/div>\n\t\t\t\t<div class=\"elementor-element elementor-element-5ca46151 elementor-widget__width-initial elementor-widget-mobile__width-inherit elementor-widget elementor-widget-icon-box\" data-id=\"5ca46151\" data-element_type=\"widget\" data-e-type=\"widget\" data-widget_type=\"icon-box.default\">\n\t\t\t\t\t\t\t<div class=\"elementor-icon-box-wrapper\">\n\n\t\t\t\n\t\t\t\t\t\t<div class=\"elementor-icon-box-content\">\n\n\t\t\t\t\t\t\t\t\t<h4 class=\"elementor-icon-box-title\">\n\t\t\t\t\t\t<span  >\n\t\t\t\t\t\t\tRemolques de ba\u00f1os port\u00e1tiles\t\t\t\t\t\t<\/span>\n\t\t\t\t\t<\/h4>\n\t\t\t\t\n\t\t\t\t\t\t\t\t\t<p class=\"elementor-icon-box-description\">\n\t\t\t\t\t\tCon m\u00faltiples unidades en su interior, ofrecemos remolques de ba\u00f1os port\u00e1tiles para tu comodidad. Para cumplir con altos est\u00e1ndares de limpieza, realizamos revisiones peri\u00f3dicas que garantizan que nuestras instalaciones se mantengan en \u00f3ptimas condiciones.\n<br><br>\nEn lugar de que tengas que contratar ba\u00f1os por separado \u2014lo cual puede resultar costoso\u2014, nosotros te ayudamos a ahorrar al ofrecer instalaciones sanitarias port\u00e1tiles, modernas y bien equipadas directamente en nuestro recinto. Con este servicio, tus invitados podr\u00e1n disfrutar del evento sin inconvenientes.\t\t\t\t\t<\/p>\n\t\t\t\t\n\t\t\t<\/div>\n\t\t\t\n\t\t<\/div>\n\t\t\t\t\t\t<\/div>\n\t\t\t\t<div class=\"elementor-element elementor-element-650985ff elementor-widget__width-initial elementor-widget-mobile__width-inherit elementor-widget elementor-widget-icon-box\" data-id=\"650985ff\" data-element_type=\"widget\" data-e-type=\"widget\" data-widget_type=\"icon-box.default\">\n\t\t\t\t\t\t\t<div class=\"elementor-icon-box-wrapper\">\n\n\t\t\t\n\t\t\t\t\t\t<div class=\"elementor-icon-box-content\">\n\n\t\t\t\t\t\t\t\t\t<h4 class=\"elementor-icon-box-title\">\n\t\t\t\t\t\t<span  >\n\t\t\t\t\t\t\tServicios de decoraci\u00f3n para eventos\t\t\t\t\t\t<\/span>\n\t\t\t\t\t<\/h4>\n\t\t\t\t\n\t\t\t\t\t\t\t\t\t<p class=\"elementor-icon-box-description\">\n\t\t\t\t\t\tCon lo esencial cubierto de manera profesional, nos aseguramos de realzar la presentaci\u00f3n con detalles a\u00fan m\u00e1s atractivos. Esto incluye la instalaci\u00f3n de iluminaci\u00f3n exterior tipo guirnalda, pista de baile, escenario y mucho m\u00e1s, creando una atm\u00f3sfera verdaderamente especial.\n<br> <br>\nWe plan a layout to best fit the objective of your event. Also, with the ambience and setting being the most major elements of your events, we leave no room for further embellishment.\t\t\t\t\t<\/p>\n\t\t\t\t\n\t\t\t<\/div>\n\t\t\t\n\t\t<\/div>\n\t\t\t\t\t\t<\/div>\n\t\t\t\t<div class=\"elementor-element elementor-element-3cc995a9 elementor-widget__width-initial elementor-widget-mobile__width-inherit elementor-widget elementor-widget-icon-box\" data-id=\"3cc995a9\" data-element_type=\"widget\" data-e-type=\"widget\" data-widget_type=\"icon-box.default\">\n\t\t\t\t\t\t\t<div class=\"elementor-icon-box-wrapper\">\n\n\t\t\t\n\t\t\t\t\t\t<div class=\"elementor-icon-box-content\">\n\n\t\t\t\t\t\t\t\t\t<h4 class=\"elementor-icon-box-title\">\n\t\t\t\t\t\t<span  >\n\t\t\t\t\t\t\tEstaci\u00f3n para bartender\t\t\t\t\t\t<\/span>\n\t\t\t\t\t<\/h4>\n\t\t\t\t\n\t\t\t\t\t\t\t\t\t<p class=\"elementor-icon-box-description\">\n\t\t\t\t\t\tNinguna celebraci\u00f3n est\u00e1 completa sin un elegante bar que ofrezca una variedad de bebidas para tus invitados. Para ello, contamos con un equipo de mix\u00f3logos y bartenders expertos a tu disposici\u00f3n.\n<br><br>\nNos encargamos de instalar una estaci\u00f3n de bar para que los asistentes disfruten del evento con m\u00e1s sabor, estilo y variedad. Adem\u00e1s, nos aseguramos de que dejes una excelente impresi\u00f3n en tus invitados y que vivan una experiencia verdaderamente inolvidable.\t\t\t\t\t<\/p>\n\t\t\t\t\n\t\t\t<\/div>\n\t\t\t\n\t\t<\/div>\n\t\t\t\t\t\t<\/div>\n\t\t\t\t<div class=\"elementor-element elementor-element-59106318 elementor-widget__width-initial elementor-widget-mobile__width-inherit elementor-widget elementor-widget-icon-box\" data-id=\"59106318\" data-element_type=\"widget\" data-e-type=\"widget\" data-widget_type=\"icon-box.default\">\n\t\t\t\t\t\t\t<div class=\"elementor-icon-box-wrapper\">\n\n\t\t\t\n\t\t\t\t\t\t<div class=\"elementor-icon-box-content\">\n\n\t\t\t\t\t\t\t\t\t<h4 class=\"elementor-icon-box-title\">\n\t\t\t\t\t\t<span  >\n\t\t\t\t\t\t\tServicios de orientaci\u00f3n de estacionamiento\t\t\t\t\t\t<\/span>\n\t\t\t\t\t<\/h4>\n\t\t\t\t\n\t\t\t\t\t\t\t\t\t<p class=\"elementor-icon-box-description\">\n\t\t\t\t\t\tEliminamos la molestia de encontrar un espacio disponible para estacionar y ofrecemos un servicio de gu\u00eda para facilitar todo el proceso. Desde agilizar la entrada y salida de los veh\u00edculos de los invitados hasta gestionar el tr\u00e1fico de manera eficiente, nos aseguramos de que cada aspecto de tu evento funcione sin contratiempos.\n<br><br>\nNos encargamos de brindarte la m\u00e1xima comodidad y tranquilidad para que puedas disfrutar del evento con total relajaci\u00f3n. Adem\u00e1s, al evitar que pierdas tiempo buscando estacionamiento, siempre llegar\u00e1s a tiempo.\t\t\t\t\t<\/p>\n\t\t\t\t\n\t\t\t<\/div>\n\t\t\t\n\t\t<\/div>\n\t\t\t\t\t\t<\/div>\n\t\t\t\t<div class=\"elementor-element elementor-element-9e924cc elementor-widget__width-initial elementor-widget-mobile__width-inherit elementor-widget elementor-widget-icon-box\" data-id=\"9e924cc\" data-element_type=\"widget\" data-e-type=\"widget\" data-widget_type=\"icon-box.default\">\n\t\t\t\t\t\t\t<div class=\"elementor-icon-box-wrapper\">\n\n\t\t\t\n\t\t\t\t\t\t<div class=\"elementor-icon-box-content\">\n\n\t\t\t\t\t\t\t\t\t<h4 class=\"elementor-icon-box-title\">\n\t\t\t\t\t\t<span  >\n\t\t\t\t\t\t\tServicios de seguridad\t\t\t\t\t\t<\/span>\n\t\t\t\t\t<\/h4>\n\t\t\t\t\n\t\t\t\t\t\t\t\t\t<p class=\"elementor-icon-box-description\">\n\t\t\t\t\t\tMantener altos est\u00e1ndares de seguridad durante el evento es de suma importancia. Por ello, contamos con personal de seguridad calificado que supervisa de cerca todas las actividades para garantizar un entorno seguro en todo momento.\n<br><br>\nDesde la detecci\u00f3n oportuna de situaciones sospechosas hasta la atenci\u00f3n eficaz de imprevistos, puedes confiar en nosotros para brindarte protecci\u00f3n en todo momento. Nuestro sistema y equipo de seguridad aseguran tu tranquilidad durante toda la duraci\u00f3n del evento.\t\t\t\t\t<\/p>\n\t\t\t\t\n\t\t\t<\/div>\n\t\t\t\n\t\t<\/div>\n\t\t\t\t\t\t<\/div>\n\t\t\t\t\t<\/div>\n\t\t\t\t<\/div>\n\t\t<div class=\"elementor-element elementor-element-85a401f e-con-full e-flex e-con e-parent\" data-id=\"85a401f\" data-element_type=\"container\" data-e-type=\"container\" data-settings=\"{&quot;background_background&quot;:&quot;classic&quot;}\">\n\t\t<div class=\"elementor-element elementor-element-d84598e e-con-full e-flex e-con e-child\" data-id=\"d84598e\" data-element_type=\"container\" data-e-type=\"container\">\n\t\t\t\t<div class=\"elementor-element elementor-element-73ca74b elementor-widget elementor-widget-heading\" data-id=\"73ca74b\" data-element_type=\"widget\" data-e-type=\"widget\" data-widget_type=\"heading.default\">\n\t\t\t\t\t<h2 class=\"elementor-heading-title elementor-size-default\">Haz de tu pr\u00f3xima ocasi\u00f3n algo a\u00fan m\u00e1s especial<\/h2>\t\t\t\t<\/div>\n\t\t\t\t<div class=\"elementor-element elementor-element-4b24a95 elementor-widget elementor-widget-heading\" data-id=\"4b24a95\" data-element_type=\"widget\" data-e-type=\"widget\" data-widget_type=\"heading.default\">\n\t\t\t\t\t<h5 class=\"elementor-heading-title elementor-size-default\">Cont\u00e1ctanos hoy para conocer m\u00e1s sobre la disponibilidad. <\/h5>\t\t\t\t<\/div>\n\t\t\t\t<div class=\"elementor-element elementor-element-29207a7 elementor-mobile-align-center elementor-widget elementor-widget-button\" data-id=\"29207a7\" data-element_type=\"widget\" data-e-type=\"widget\" data-widget_type=\"button.default\">\n\t\t\t\t\t\t\t\t\t\t<a class=\"elementor-button elementor-button-link elementor-size-sm\" href=\"https:\/\/ranchojimenez.com\/es\/contact-us\/\">\n\t\t\t\t\t\t<span class=\"elementor-button-content-wrapper\">\n\t\t\t\t\t\t<span class=\"elementor-button-icon\">\n\t\t\t\t<svg aria-hidden=\"true\" class=\"e-font-icon-svg e-fas-long-arrow-alt-right\" viewbox=\"0 0 448 512\" xmlns=\"http:\/\/www.w3.org\/2000\/svg\"><path d=\"M313.941 216H12c-6.627 0-12 5.373-12 12v56c0 6.627 5.373 12 12 12h301.941v46.059c0 21.382 25.851 32.09 40.971 16.971l86.059-86.059c9.373-9.373 9.373-24.569 0-33.941l-86.059-86.059c-15.119-15.119-40.971-4.411-40.971 16.971V216z\"><\/path><\/svg>\t\t\t<\/span>\n\t\t\t\t\t\t\t\t\t<span class=\"elementor-button-text\">Cont\u00e1ctanos<\/span>\n\t\t\t\t\t<\/span>\n\t\t\t\t\t<\/a>\n\t\t\t\t\t\t\t\t<\/div>\n\t\t\t\t<\/div>\n\t\t<div class=\"elementor-element elementor-element-ea024fe e-con-full e-flex e-con e-child\" data-id=\"ea024fe\" data-element_type=\"container\" data-e-type=\"container\">\n\t\t\t\t<div class=\"elementor-element elementor-element-4f5fcaf elementor-widget-mobile__width-initial elementor-widget__width-initial elementor-widget elementor-widget-image\" data-id=\"4f5fcaf\" data-element_type=\"widget\" data-e-type=\"widget\" data-widget_type=\"image.default\">\n\t\t\t\t\t\t\t\t\t\t\t\t\t\t\t<img fetchpriority=\"high\" decoding=\"async\" width=\"800\" height=\"534\" src=\"https:\/\/ranchojimenez.com\/wp-content\/uploads\/2026\/04\/F8DBB0FA-4D29-431B-8BCE-11837CD74FB1_1_105_c-1024x683.jpeg\" class=\"attachment-large size-large wp-image-192\" alt=\"\" srcset=\"https:\/\/ranchojimenez.com\/wp-content\/uploads\/2026\/04\/F8DBB0FA-4D29-431B-8BCE-11837CD74FB1_1_105_c-1024x683.jpeg 1024w, https:\/\/ranchojimenez.com\/wp-content\/uploads\/2026\/04\/F8DBB0FA-4D29-431B-8BCE-11837CD74FB1_1_105_c-300x200.jpeg 300w, https:\/\/ranchojimenez.com\/wp-content\/uploads\/2026\/04\/F8DBB0FA-4D29-431B-8BCE-11837CD74FB1_1_105_c-768x512.jpeg 768w, https:\/\/ranchojimenez.com\/wp-content\/uploads\/2026\/04\/F8DBB0FA-4D29-431B-8BCE-11837CD74FB1_1_105_c.jpeg 1086w\" sizes=\"(max-width: 800px) 100vw, 800px\" \/>\t\t\t\t\t\t\t\t\t\t\t\t\t\t\t<\/div>\n\t\t\t\t<div class=\"elementor-element elementor-element-61206c0 elementor-widget-mobile__width-initial elementor-widget__width-inherit elementor-widget elementor-widget-image\" data-id=\"61206c0\" data-element_type=\"widget\" data-e-type=\"widget\" data-widget_type=\"image.default\">\n\t\t\t\t\t\t\t\t\t\t\t\t\t\t\t<img decoding=\"async\" width=\"768\" height=\"1024\" src=\"https:\/\/ranchojimenez.com\/wp-content\/uploads\/2026\/04\/9643D14C-2A4C-4C84-80EC-E9BE8552534F_1_105_c.jpeg\" class=\"attachment-large size-large wp-image-147\" alt=\"\" srcset=\"https:\/\/ranchojimenez.com\/wp-content\/uploads\/2026\/04\/9643D14C-2A4C-4C84-80EC-E9BE8552534F_1_105_c.jpeg 768w, https:\/\/ranchojimenez.com\/wp-content\/uploads\/2026\/04\/9643D14C-2A4C-4C84-80EC-E9BE8552534F_1_105_c-225x300.jpeg 225w\" sizes=\"(max-width: 768px) 100vw, 768px\" \/>\t\t\t\t\t\t\t\t\t\t\t\t\t\t\t<\/div>\n\t\t\t\t<\/div>\n\t\t\t\t<\/div>\n\t\t\t\t<\/div>","protected":false},"excerpt":{"rendered":"<p>Why Choose Us? As you search for \u2018affordable wedding venues near me or something about the best corporate party planner in town, you will come across Rancho Jimenez at the top. And here\u2019s why you should entrust your events with us only. Great visual appeal Vibrant Atmosphere Wide Range of Amenities Can Be More Cost [&hellip;]<\/p>\n","protected":false},"author":1,"featured_media":0,"parent":0,"menu_order":0,"comment_status":"closed","ping_status":"closed","template":"elementor_header_footer","meta":{"_angie_page":false,"footnotes":""},"class_list":["post-45","page","type-page","status-publish","hentry"],"_links":{"self":[{"href":"https:\/\/ranchojimenez.com\/es\/wp-json\/wp\/v2\/pages\/45","targetHints":{"allow":["GET"]}}],"collection":[{"href":"https:\/\/ranchojimenez.com\/es\/wp-json\/wp\/v2\/pages"}],"about":[{"href":"https:\/\/ranchojimenez.com\/es\/wp-json\/wp\/v2\/types\/page"}],"author":[{"embeddable":true,"href":"https:\/\/ranchojimenez.com\/es\/wp-json\/wp\/v2\/users\/1"}],"replies":[{"embeddable":true,"href":"https:\/\/ranchojimenez.com\/es\/wp-json\/wp\/v2\/comments?post=45"}],"version-history":[{"count":25,"href":"https:\/\/ranchojimenez.com\/es\/wp-json\/wp\/v2\/pages\/45\/revisions"}],"predecessor-version":[{"id":480,"href":"https:\/\/ranchojimenez.com\/es\/wp-json\/wp\/v2\/pages\/45\/revisions\/480"}],"wp:attachment":[{"href":"https:\/\/ranchojimenez.com\/es\/wp-json\/wp\/v2\/media?parent=45"}],"curies":[{"name":"wp","href":"https:\/\/api.w.org\/{rel}","templated":true}]}}