{"id":34,"date":"2026-04-07T18:45:52","date_gmt":"2026-04-07T18:45:52","guid":{"rendered":"https:\/\/ranchojimenez.com\/about\/"},"modified":"2026-04-20T16:37:46","modified_gmt":"2026-04-20T16:37:46","slug":"about","status":"publish","type":"page","link":"https:\/\/ranchojimenez.com\/es\/about\/","title":{"rendered":"Sobre Nosotros"},"content":{"rendered":"<div data-elementor-type=\"wp-page\" data-elementor-id=\"34\" class=\"elementor elementor-34\" data-elementor-post-type=\"page\">\n\t\t\t\t<div class=\"elementor-element elementor-element-12ecec7f e-flex e-con-boxed e-con e-parent\" data-id=\"12ecec7f\" data-element_type=\"container\" data-e-type=\"container\">\n\t\t\t\t\t<div class=\"e-con-inner\">\n\t\t<div class=\"elementor-element elementor-element-2b6c4ade e-con-full e-flex e-con e-child\" data-id=\"2b6c4ade\" data-element_type=\"container\" data-e-type=\"container\">\n\t\t\t\t<div class=\"elementor-element elementor-element-422dd1ba elementor-widget__width-initial elementor-absolute elementor-widget elementor-widget-spacer\" data-id=\"422dd1ba\" data-element_type=\"widget\" data-e-type=\"widget\" data-settings=\"{&quot;_position&quot;:&quot;absolute&quot;}\" data-widget_type=\"spacer.default\">\n\t\t\t\t\t\t\t<div class=\"elementor-spacer\">\n\t\t\t<div class=\"elementor-spacer-inner\"><\/div>\n\t\t<\/div>\n\t\t\t\t\t\t<\/div>\n\t\t\t\t<div class=\"elementor-element elementor-element-322184e5 elementor-invisible elementor-widget elementor-widget-heading\" data-id=\"322184e5\" data-element_type=\"widget\" data-e-type=\"widget\" data-settings=\"{&quot;_animation&quot;:&quot;fadeInUp&quot;}\" data-widget_type=\"heading.default\">\n\t\t\t\t\t<h3 class=\"elementor-heading-title elementor-size-default\">Conoce Rancho Jim\u00e9nez<\/h3>\t\t\t\t<\/div>\n\t\t\t\t<div class=\"elementor-element elementor-element-6fcec10 elementor-widget elementor-widget-heading\" data-id=\"6fcec10\" data-element_type=\"widget\" data-e-type=\"widget\" data-widget_type=\"heading.default\">\n\t\t\t\t\t<h1 class=\"elementor-heading-title elementor-size-default\">Sobre nosotros<\/h1>\t\t\t\t<\/div>\n\t\t\t\t<div class=\"elementor-element elementor-element-50d15f58 elementor-widget elementor-widget-text-editor\" data-id=\"50d15f58\" data-element_type=\"widget\" data-e-type=\"widget\" data-widget_type=\"text-editor.default\">\n\t\t\t\t\t\t\t\t\t<p>Establecido en 2015, Rancho Jim\u00e9nez ha sido tu lugar ideal para celebraciones durante a\u00f1os. Ya sea una boda, un cumplea\u00f1os o un evento especial, estamos seguros de nuestra capacidad para crear un espacio donde los sue\u00f1os se hacen realidad y la felicidad es atemporal.<\/p>\t\t\t\t\t\t\t\t<\/div>\n\t\t\t\t<\/div>\n\t\t<div class=\"elementor-element elementor-element-7a97840a e-con-full e-flex e-con e-child\" data-id=\"7a97840a\" data-element_type=\"container\" data-e-type=\"container\" data-settings=\"{&quot;background_background&quot;:&quot;classic&quot;}\">\n\t\t\t\t<\/div>\n\t\t\t\t\t<\/div>\n\t\t\t\t<\/div>\n\t\t<div class=\"elementor-element elementor-element-3a09d88 e-flex e-con-boxed e-con e-parent\" data-id=\"3a09d88\" data-element_type=\"container\" data-e-type=\"container\">\n\t\t\t\t\t<div class=\"e-con-inner\">\n\t\t<div class=\"elementor-element elementor-element-79a1c613 e-con-full e-flex e-con e-child\" data-id=\"79a1c613\" data-element_type=\"container\" data-e-type=\"container\">\n\t\t\t\t<div class=\"elementor-element elementor-element-e145a72 elementor-widget elementor-widget-image\" data-id=\"e145a72\" data-element_type=\"widget\" data-e-type=\"widget\" data-widget_type=\"image.default\">\n\t\t\t\t\t\t\t\t\t\t\t\t\t\t\t<img fetchpriority=\"high\" decoding=\"async\" width=\"1086\" height=\"724\" src=\"https:\/\/ranchojimenez.com\/wp-content\/uploads\/2026\/04\/CB99C7DD-9FDE-456C-9A44-8B52F4EAF4D4_1_105_c.jpeg\" class=\"attachment-full size-full wp-image-191\" alt=\"\" srcset=\"https:\/\/ranchojimenez.com\/wp-content\/uploads\/2026\/04\/CB99C7DD-9FDE-456C-9A44-8B52F4EAF4D4_1_105_c.jpeg 1086w, https:\/\/ranchojimenez.com\/wp-content\/uploads\/2026\/04\/CB99C7DD-9FDE-456C-9A44-8B52F4EAF4D4_1_105_c-300x200.jpeg 300w, https:\/\/ranchojimenez.com\/wp-content\/uploads\/2026\/04\/CB99C7DD-9FDE-456C-9A44-8B52F4EAF4D4_1_105_c-1024x683.jpeg 1024w, https:\/\/ranchojimenez.com\/wp-content\/uploads\/2026\/04\/CB99C7DD-9FDE-456C-9A44-8B52F4EAF4D4_1_105_c-768x512.jpeg 768w\" sizes=\"(max-width: 1086px) 100vw, 1086px\" \/>\t\t\t\t\t\t\t\t\t\t\t\t\t\t\t<\/div>\n\t\t\t\t<\/div>\n\t\t<div class=\"elementor-element elementor-element-370c896d e-con-full e-flex e-con e-child\" data-id=\"370c896d\" data-element_type=\"container\" data-e-type=\"container\">\n\t\t\t\t<div class=\"elementor-element elementor-element-90c7cce elementor-widget elementor-widget-text-editor\" data-id=\"90c7cce\" data-element_type=\"widget\" data-e-type=\"widget\" data-widget_type=\"text-editor.default\">\n\t\t\t\t\t\t\t\t\t<p>Con nosotros, se trata de facilitar cada aspecto de tu evento para que puedas disfrutar plenamente de tu celebraci\u00f3n. Cuidamos cada detalle, por m\u00e1s peque\u00f1o que sea, porque realmente nos importa tu experiencia.<\/p><p>No solo estamos agradecidos con quienes eligen Rancho Jim\u00e9nez, sino que valoramos profundamente la confianza que depositan en nosotros para crear momentos inolvidables. Estamos comprometidos a hacer de tu evento todo lo que so\u00f1aste y m\u00e1s.<\/p>\t\t\t\t\t\t\t\t<\/div>\n\t\t\t\t<\/div>\n\t\t\t\t\t<\/div>\n\t\t\t\t<\/div>\n\t\t<div class=\"elementor-element elementor-element-a3bce7e e-flex e-con-boxed e-con e-parent\" data-id=\"a3bce7e\" data-element_type=\"container\" data-e-type=\"container\">\n\t\t\t\t\t<div class=\"e-con-inner\">\n\t\t\t\t<div class=\"elementor-element elementor-element-504af5e5 elementor-invisible elementor-widget elementor-widget-heading\" data-id=\"504af5e5\" data-element_type=\"widget\" data-e-type=\"widget\" data-settings=\"{&quot;_animation&quot;:&quot;fadeIn&quot;}\" data-widget_type=\"heading.default\">\n\t\t\t\t\t<h2 class=\"elementor-heading-title elementor-size-default\">Lo que nos hace diferentes<\/h2>\t\t\t\t<\/div>\n\t\t\t\t<div class=\"elementor-element elementor-element-7701f014 elementor-widget__width-initial elementor-widget elementor-widget-text-editor\" data-id=\"7701f014\" data-element_type=\"widget\" data-e-type=\"widget\" data-widget_type=\"text-editor.default\">\n\t\t\t\t\t\t\t\t\t<p>\u00a1Definitivamente no hay lugar como Rancho Jim\u00e9nez! Nuestro equipo diverso y nuestras amenidades todo incluido son algunos de los servicios m\u00e1s \u00fanicos que puedes encontrar, haciendo de tu evento una experiencia verdaderamente m\u00e1gica. Ya sea que prefieras una celebraci\u00f3n glamorosa con bengalas y un gran escenario, o un evento estilo rancho con animales de granja, Rancho Jim\u00e9nez tiene todo lo que necesitas.<\/p><p>Ofrecemos una amplia gama de servicios, desde un equipo de seguridad profesional, ba\u00f1os impecables y un amplio estacionamiento, hasta iluminaci\u00f3n de lujo, una pista de baile abierta y mucho m\u00e1s. Sin duda, no hay otro recinto como Rancho Jim\u00e9nez que combine elegancia, opciones personalizadas y tranquilidad sin exceder tu presupuesto.<\/p><p>El rancho tambi\u00e9n est\u00e1 convenientemente ubicado a solo 10 minutos de la autopista Antelope Valley, lo que facilita el acceso mientras te brinda una gran exclusividad. Ven y disfruta de una vista espectacular mientras bailas toda la noche bajo un cielo estrellado y encantador junto a tus amigos y familiares. Rancho Jim\u00e9nez se encargar\u00e1 de que vivas la mejor experiencia de celebraci\u00f3n, ofreci\u00e9ndote serenidad, alegr\u00eda y pura felicidad.<\/p>\t\t\t\t\t\t\t\t<\/div>\n\t\t\t\t\t<\/div>\n\t\t\t\t<\/div>\n\t\t<div class=\"elementor-element elementor-element-623938e7 e-flex e-con-boxed e-con e-parent\" data-id=\"623938e7\" data-element_type=\"container\" data-e-type=\"container\">\n\t\t\t\t\t<div class=\"e-con-inner\">\n\t\t<div class=\"elementor-element elementor-element-10198c47 e-con-full e-flex e-con e-child\" data-id=\"10198c47\" data-element_type=\"container\" data-e-type=\"container\">\n\t\t\t\t<div class=\"elementor-element elementor-element-7a9cb551 elementor-widget elementor-widget-heading\" data-id=\"7a9cb551\" data-element_type=\"widget\" data-e-type=\"widget\" data-widget_type=\"heading.default\">\n\t\t\t\t\t<h2 class=\"elementor-heading-title elementor-size-default\">Nuestro trabajo<\/h2>\t\t\t\t<\/div>\n\t\t\t\t<div class=\"elementor-element elementor-element-f6736c8 elementor-invisible elementor-widget elementor-widget-heading\" data-id=\"f6736c8\" data-element_type=\"widget\" data-e-type=\"widget\" data-settings=\"{&quot;_animation&quot;:&quot;fadeInUp&quot;}\" data-widget_type=\"heading.default\">\n\t\t\t\t\t<h3 class=\"elementor-heading-title elementor-size-default\">Principios y valores<\/h3>\t\t\t\t<\/div>\n\t\t\t\t<div class=\"elementor-element elementor-element-d4e00a elementor-widget elementor-widget-text-editor\" data-id=\"d4e00a\" data-element_type=\"widget\" data-e-type=\"widget\" data-widget_type=\"text-editor.default\">\n\t\t\t\t\t\t\t\t\t<p>Al esforzarnos por brindarte una experiencia que recordar\u00e1s para siempre, queremos asegurarte que operamos con un alto nivel de \u00e9tica y profesionalismo, ya que sentimos un gran orgullo por nuestro negocio. En cada evento, damos lo mejor de nosotros y ofrecemos un servicio al cliente excepcional para brindarte la atenci\u00f3n y experiencia que mereces.<\/p><p>Nuestro pintoresco recinto es, sin duda, un atractivo visual impresionante; sin embargo, nuestro mantenimiento de alta calidad y las mejoras continuas son lo que realmente hacen de Rancho Jim\u00e9nez un lugar extraordinario. No nos conformamos con organizar solo una fiesta, siempre buscamos formas innovadoras de hacer que tu ocasi\u00f3n sea verdaderamente memorable.<\/p>\t\t\t\t\t\t\t\t<\/div>\n\t\t\t\t<div class=\"elementor-element elementor-element-ebce7b4 elementor-widget elementor-widget-button\" data-id=\"ebce7b4\" data-element_type=\"widget\" data-e-type=\"widget\" data-widget_type=\"button.default\">\n\t\t\t\t\t\t\t\t\t\t<a class=\"elementor-button elementor-button-link elementor-size-sm\" href=\"https:\/\/ranchojimenez.com\/es\/contact-us\/\">\n\t\t\t\t\t\t<span class=\"elementor-button-content-wrapper\">\n\t\t\t\t\t\t<span class=\"elementor-button-icon\">\n\t\t\t\t<svg aria-hidden=\"true\" class=\"e-font-icon-svg e-fas-long-arrow-alt-right\" viewbox=\"0 0 448 512\" xmlns=\"http:\/\/www.w3.org\/2000\/svg\"><path d=\"M313.941 216H12c-6.627 0-12 5.373-12 12v56c0 6.627 5.373 12 12 12h301.941v46.059c0 21.382 25.851 32.09 40.971 16.971l86.059-86.059c9.373-9.373 9.373-24.569 0-33.941l-86.059-86.059c-15.119-15.119-40.971-4.411-40.971 16.971V216z\"><\/path><\/svg>\t\t\t<\/span>\n\t\t\t\t\t\t\t\t\t<span class=\"elementor-button-text\">Cont\u00e1ctanos<\/span>\n\t\t\t\t\t<\/span>\n\t\t\t\t\t<\/a>\n\t\t\t\t\t\t\t\t<\/div>\n\t\t\t\t<\/div>\n\t\t<div class=\"elementor-element elementor-element-d095c0a e-con-full e-flex e-con e-child\" data-id=\"d095c0a\" data-element_type=\"container\" data-e-type=\"container\">\n\t\t\t\t<div class=\"elementor-element elementor-element-7eb8281d elementor-widget elementor-widget-image\" data-id=\"7eb8281d\" data-element_type=\"widget\" data-e-type=\"widget\" data-widget_type=\"image.default\">\n\t\t\t\t\t\t\t\t\t\t\t\t\t\t\t<img decoding=\"async\" width=\"600\" height=\"400\" src=\"https:\/\/ranchojimenez.com\/wp-content\/uploads\/2026\/04\/DSC_7941-2.jpg\" class=\"attachment-full size-full wp-image-247\" alt=\"\" srcset=\"https:\/\/ranchojimenez.com\/wp-content\/uploads\/2026\/04\/DSC_7941-2.jpg 600w, https:\/\/ranchojimenez.com\/wp-content\/uploads\/2026\/04\/DSC_7941-2-300x200.jpg 300w\" sizes=\"(max-width: 600px) 100vw, 600px\" \/>\t\t\t\t\t\t\t\t\t\t\t\t\t\t\t<\/div>\n\t\t\t\t<\/div>\n\t\t\t\t\t<\/div>\n\t\t\t\t<\/div>\n\t\t\t\t<\/div>","protected":false},"excerpt":{"rendered":"<p>Get to Know Rancho Jimenez About us Established in 2015, Rancho Jimenez has been your go-to party venue for a long time. When it comes to celebrating a wedding, a birthday or special event, we are confident in our abilities to create a space where dreams come true and happiness is timeless. With us, it [&hellip;]<\/p>\n","protected":false},"author":1,"featured_media":0,"parent":0,"menu_order":0,"comment_status":"closed","ping_status":"closed","template":"elementor_header_footer","meta":{"_angie_page":false,"footnotes":""},"class_list":["post-34","page","type-page","status-publish","hentry"],"_links":{"self":[{"href":"https:\/\/ranchojimenez.com\/es\/wp-json\/wp\/v2\/pages\/34","targetHints":{"allow":["GET"]}}],"collection":[{"href":"https:\/\/ranchojimenez.com\/es\/wp-json\/wp\/v2\/pages"}],"about":[{"href":"https:\/\/ranchojimenez.com\/es\/wp-json\/wp\/v2\/types\/page"}],"author":[{"embeddable":true,"href":"https:\/\/ranchojimenez.com\/es\/wp-json\/wp\/v2\/users\/1"}],"replies":[{"embeddable":true,"href":"https:\/\/ranchojimenez.com\/es\/wp-json\/wp\/v2\/comments?post=34"}],"version-history":[{"count":22,"href":"https:\/\/ranchojimenez.com\/es\/wp-json\/wp\/v2\/pages\/34\/revisions"}],"predecessor-version":[{"id":387,"href":"https:\/\/ranchojimenez.com\/es\/wp-json\/wp\/v2\/pages\/34\/revisions\/387"}],"wp:attachment":[{"href":"https:\/\/ranchojimenez.com\/es\/wp-json\/wp\/v2\/media?parent=34"}],"curies":[{"name":"wp","href":"https:\/\/api.w.org\/{rel}","templated":true}]}}